{"id":32655,"date":"2026-04-28T05:27:46","date_gmt":"2026-04-28T05:27:46","guid":{"rendered":"https:\/\/minitriusiukai.lt\/?post_type=product&#038;p=32655"},"modified":"2026-04-28T05:27:46","modified_gmt":"2026-04-28T05:27:46","slug":"zaidimu-tunelis-su-4-iejimais","status":"publish","type":"product","link":"https:\/\/minitriusiukai.lt\/en\/product\/zaidimu-tunelis-su-4-iejimais\/","title":{"rendered":"\u017daidim\u0173 tunelis su 4 \u012f\u0117jimais"},"content":{"rendered":"<p>\u017daidimas tunelyje skatina triu\u0161iuko aktyvum\u0105. Tunel\u012f galima statyti tiek kambaryje, tiek lauke. Matmenys: 3x22x50cm.<\/p>","protected":false},"excerpt":{"rendered":"<p>\u017daidimas tunelyje skatina triu\u0161iuko aktyvum\u0105. Tunel\u012f galima statyti tiek kambaryje, tiek lauke. Matmenys: 3x22x50cm.<\/p>","protected":false},"featured_media":32656,"template":"","meta":[],"product_cat":[39],"product_tag":[],"class_list":["post-32655","product","type-product","status-publish","has-post-thumbnail","hentry","product_cat-zaislai"],"_links":{"self":[{"href":"https:\/\/minitriusiukai.lt\/en\/wp-json\/wp\/v2\/product\/32655","targetHints":{"allow":["GET"]}}],"collection":[{"href":"https:\/\/minitriusiukai.lt\/en\/wp-json\/wp\/v2\/product"}],"about":[{"href":"https:\/\/minitriusiukai.lt\/en\/wp-json\/wp\/v2\/types\/product"}],"wp:featuredmedia":[{"embeddable":true,"href":"https:\/\/minitriusiukai.lt\/en\/wp-json\/wp\/v2\/media\/32656"}],"wp:attachment":[{"href":"https:\/\/minitriusiukai.lt\/en\/wp-json\/wp\/v2\/media?parent=32655"}],"wp:term":[{"taxonomy":"product_cat","embeddable":true,"href":"https:\/\/minitriusiukai.lt\/en\/wp-json\/wp\/v2\/product_cat?post=32655"},{"taxonomy":"product_tag","embeddable":true,"href":"https:\/\/minitriusiukai.lt\/en\/wp-json\/wp\/v2\/product_tag?post=32655"}],"curies":[{"name":"wp","href":"https:\/\/api.w.org\/{rel}","templated":true}]}}