{"id":32588,"date":"2026-04-26T18:49:25","date_gmt":"2026-04-26T18:49:25","guid":{"rendered":"https:\/\/minitriusiukai.lt\/?post_type=product&#038;p=32588"},"modified":"2026-04-26T18:49:25","modified_gmt":"2026-04-26T18:49:25","slug":"zoleliu-misinys-triusiams","status":"publish","type":"product","link":"https:\/\/minitriusiukai.lt\/en\/product\/zoleliu-misinys-triusiams\/","title":{"rendered":"\u017doleli\u0173 mi\u0161inys triu\u0161iams"},"content":{"rendered":"<p>\u017doleli\u0173 mi\u0161inys praturtina triu\u0161i\u0173 mityb\u0105 naudingomis med\u017eiagomis.<\/p>","protected":false},"excerpt":{"rendered":"<p>\u017doleli\u0173 mi\u0161inys praturtina triu\u0161i\u0173 mityb\u0105 naudingomis med\u017eiagomis.<\/p>","protected":false},"featured_media":32589,"template":"","meta":[],"product_cat":[36],"product_tag":[],"class_list":["post-32588","product","type-product","status-publish","has-post-thumbnail","hentry","product_cat-maistas-ir-skanestai"],"_links":{"self":[{"href":"https:\/\/minitriusiukai.lt\/en\/wp-json\/wp\/v2\/product\/32588","targetHints":{"allow":["GET"]}}],"collection":[{"href":"https:\/\/minitriusiukai.lt\/en\/wp-json\/wp\/v2\/product"}],"about":[{"href":"https:\/\/minitriusiukai.lt\/en\/wp-json\/wp\/v2\/types\/product"}],"wp:featuredmedia":[{"embeddable":true,"href":"https:\/\/minitriusiukai.lt\/en\/wp-json\/wp\/v2\/media\/32589"}],"wp:attachment":[{"href":"https:\/\/minitriusiukai.lt\/en\/wp-json\/wp\/v2\/media?parent=32588"}],"wp:term":[{"taxonomy":"product_cat","embeddable":true,"href":"https:\/\/minitriusiukai.lt\/en\/wp-json\/wp\/v2\/product_cat?post=32588"},{"taxonomy":"product_tag","embeddable":true,"href":"https:\/\/minitriusiukai.lt\/en\/wp-json\/wp\/v2\/product_tag?post=32588"}],"curies":[{"name":"wp","href":"https:\/\/api.w.org\/{rel}","templated":true}]}}