{"id":32586,"date":"2026-04-26T18:47:47","date_gmt":"2026-04-26T18:47:47","guid":{"rendered":"https:\/\/minitriusiukai.lt\/?post_type=product&#038;p=32586"},"modified":"2026-04-26T18:49:42","modified_gmt":"2026-04-26T18:49:42","slug":"dziovinti-petrazoliu-stiebai","status":"publish","type":"product","link":"https:\/\/minitriusiukai.lt\/en\/product\/dziovinti-petrazoliu-stiebai\/","title":{"rendered":"D\u017eiovinti petra\u017eoli\u0173 stiebai"},"content":{"rendered":"<p>D\u017eiovinti petra\u017eoli\u0173 stiebai praturtina triu\u0161i\u0173, j\u016bros kiauly\u010di\u0173 ir kit\u0173 smulki\u0173 grau\u017eik\u0173 mityb\u0105 naudingomis med\u017eiagomis.<\/p>","protected":false},"excerpt":{"rendered":"<p>D\u017eiovinti petra\u017eoli\u0173 stiebai praturtina triu\u0161i\u0173, j\u016bros kiauly\u010di\u0173 ir kit\u0173 smulki\u0173 grau\u017eik\u0173 mityb\u0105 naudingomis med\u017eiagomis.<\/p>","protected":false},"featured_media":32587,"template":"","meta":[],"product_cat":[36],"product_tag":[],"class_list":["post-32586","product","type-product","status-publish","has-post-thumbnail","hentry","product_cat-maistas-ir-skanestai"],"_links":{"self":[{"href":"https:\/\/minitriusiukai.lt\/en\/wp-json\/wp\/v2\/product\/32586","targetHints":{"allow":["GET"]}}],"collection":[{"href":"https:\/\/minitriusiukai.lt\/en\/wp-json\/wp\/v2\/product"}],"about":[{"href":"https:\/\/minitriusiukai.lt\/en\/wp-json\/wp\/v2\/types\/product"}],"wp:featuredmedia":[{"embeddable":true,"href":"https:\/\/minitriusiukai.lt\/en\/wp-json\/wp\/v2\/media\/32587"}],"wp:attachment":[{"href":"https:\/\/minitriusiukai.lt\/en\/wp-json\/wp\/v2\/media?parent=32586"}],"wp:term":[{"taxonomy":"product_cat","embeddable":true,"href":"https:\/\/minitriusiukai.lt\/en\/wp-json\/wp\/v2\/product_cat?post=32586"},{"taxonomy":"product_tag","embeddable":true,"href":"https:\/\/minitriusiukai.lt\/en\/wp-json\/wp\/v2\/product_tag?post=32586"}],"curies":[{"name":"wp","href":"https:\/\/api.w.org\/{rel}","templated":true}]}}