{"id":32582,"date":"2026-04-26T18:43:05","date_gmt":"2026-04-26T18:43:05","guid":{"rendered":"https:\/\/minitriusiukai.lt\/?post_type=product&#038;p=32582"},"modified":"2026-04-26T18:50:17","modified_gmt":"2026-04-26T18:50:17","slug":"geliu-ziedu-ir-lapu-misinys","status":"publish","type":"product","link":"https:\/\/minitriusiukai.lt\/en\/product\/geliu-ziedu-ir-lapu-misinys\/","title":{"rendered":"G\u0117li\u0173 \u017eied\u0173 ir lap\u0173 mi\u0161inys"},"content":{"rendered":"<p>G\u0117li\u0173 \u017eied\u0173 ir lap\u0173 mi\u0161inys praturtina triu\u0161i\u0173, j\u016bros kiauly\u010di\u0173 ir kit\u0173 smulki\u0173 grau\u017eik\u0173 mityb\u0105 naudingomis med\u017eiagomis.<\/p>","protected":false},"excerpt":{"rendered":"<p>G\u0117li\u0173 \u017eied\u0173 ir lap\u0173 mi\u0161inys praturtina triu\u0161i\u0173, j\u016bros kiauly\u010di\u0173 ir kit\u0173 smulki\u0173 grau\u017eik\u0173 mityb\u0105 naudingomis med\u017eiagomis.<\/p>","protected":false},"featured_media":32583,"template":"","meta":[],"product_cat":[36],"product_tag":[],"class_list":["post-32582","product","type-product","status-publish","has-post-thumbnail","hentry","product_cat-maistas-ir-skanestai"],"_links":{"self":[{"href":"https:\/\/minitriusiukai.lt\/en\/wp-json\/wp\/v2\/product\/32582","targetHints":{"allow":["GET"]}}],"collection":[{"href":"https:\/\/minitriusiukai.lt\/en\/wp-json\/wp\/v2\/product"}],"about":[{"href":"https:\/\/minitriusiukai.lt\/en\/wp-json\/wp\/v2\/types\/product"}],"wp:featuredmedia":[{"embeddable":true,"href":"https:\/\/minitriusiukai.lt\/en\/wp-json\/wp\/v2\/media\/32583"}],"wp:attachment":[{"href":"https:\/\/minitriusiukai.lt\/en\/wp-json\/wp\/v2\/media?parent=32582"}],"wp:term":[{"taxonomy":"product_cat","embeddable":true,"href":"https:\/\/minitriusiukai.lt\/en\/wp-json\/wp\/v2\/product_cat?post=32582"},{"taxonomy":"product_tag","embeddable":true,"href":"https:\/\/minitriusiukai.lt\/en\/wp-json\/wp\/v2\/product_tag?post=32582"}],"curies":[{"name":"wp","href":"https:\/\/api.w.org\/{rel}","templated":true}]}}