{"id":32576,"date":"2026-04-26T18:36:17","date_gmt":"2026-04-26T18:36:17","guid":{"rendered":"https:\/\/minitriusiukai.lt\/?post_type=product&#038;p=32576"},"modified":"2026-04-26T18:36:17","modified_gmt":"2026-04-26T18:36:17","slug":"obelu-sakeles","status":"publish","type":"product","link":"https:\/\/minitriusiukai.lt\/en\/product\/obelu-sakeles\/","title":{"rendered":"Obel\u0173 \u0161akel\u0117s"},"content":{"rendered":"<p>Obel\u0173 \u0161akel\u0117s triu\u0161iams, j\u016bros kiaulyt\u0117ms ir kitiems smulkiems grau\u017eikams padeda nat\u016braliai dilinti dantis ir suteikia verting\u0173 maistini\u0173 med\u017eiag\u0173.<\/p>","protected":false},"excerpt":{"rendered":"<p>Obel\u0173 \u0161akel\u0117s triu\u0161iams, j\u016bros kiaulyt\u0117ms ir kitiems smulkiems grau\u017eikams padeda nat\u016braliai dilinti dantis ir suteikia verting\u0173 maistini\u0173 med\u017eiag\u0173.<\/p>","protected":false},"featured_media":32577,"template":"","meta":[],"product_cat":[36],"product_tag":[],"class_list":["post-32576","product","type-product","status-publish","has-post-thumbnail","hentry","product_cat-maistas-ir-skanestai"],"_links":{"self":[{"href":"https:\/\/minitriusiukai.lt\/en\/wp-json\/wp\/v2\/product\/32576","targetHints":{"allow":["GET"]}}],"collection":[{"href":"https:\/\/minitriusiukai.lt\/en\/wp-json\/wp\/v2\/product"}],"about":[{"href":"https:\/\/minitriusiukai.lt\/en\/wp-json\/wp\/v2\/types\/product"}],"wp:featuredmedia":[{"embeddable":true,"href":"https:\/\/minitriusiukai.lt\/en\/wp-json\/wp\/v2\/media\/32577"}],"wp:attachment":[{"href":"https:\/\/minitriusiukai.lt\/en\/wp-json\/wp\/v2\/media?parent=32576"}],"wp:term":[{"taxonomy":"product_cat","embeddable":true,"href":"https:\/\/minitriusiukai.lt\/en\/wp-json\/wp\/v2\/product_cat?post=32576"},{"taxonomy":"product_tag","embeddable":true,"href":"https:\/\/minitriusiukai.lt\/en\/wp-json\/wp\/v2\/product_tag?post=32576"}],"curies":[{"name":"wp","href":"https:\/\/api.w.org\/{rel}","templated":true}]}}