{"id":32546,"date":"2026-04-26T11:36:18","date_gmt":"2026-04-26T11:36:18","guid":{"rendered":"https:\/\/minitriusiukai.lt\/?post_type=product&#038;p=32546"},"modified":"2026-04-27T18:11:55","modified_gmt":"2026-04-27T18:11:55","slug":"32546","status":"publish","type":"product","link":"https:\/\/minitriusiukai.lt\/en\/product\/32546\/","title":{"rendered":"Med\u017eiagin\u0117s \u0117d\u017eios \u0161ienui"},"content":{"rendered":"<p>Med\u017eiagin\u0117s \u0117d\u017eios \u0161ienui patogiai prisitvirtina metaliniais kabliukais prie narvelio arba aptvaro grot\u0173.<\/p>","protected":false},"excerpt":{"rendered":"<p>Med\u017eiagin\u0117s \u0117d\u017eios \u0161ienui patogiai prisitvirtina metaliniais kabliukais prie narvelio arba aptvaro grot\u0173.<\/p>","protected":false},"featured_media":32547,"template":"","meta":[],"product_cat":[37],"product_tag":[],"class_list":["post-32546","product","type-product","status-publish","has-post-thumbnail","hentry","product_cat-narvai-ir-ju-priedai"],"_links":{"self":[{"href":"https:\/\/minitriusiukai.lt\/en\/wp-json\/wp\/v2\/product\/32546","targetHints":{"allow":["GET"]}}],"collection":[{"href":"https:\/\/minitriusiukai.lt\/en\/wp-json\/wp\/v2\/product"}],"about":[{"href":"https:\/\/minitriusiukai.lt\/en\/wp-json\/wp\/v2\/types\/product"}],"wp:featuredmedia":[{"embeddable":true,"href":"https:\/\/minitriusiukai.lt\/en\/wp-json\/wp\/v2\/media\/32547"}],"wp:attachment":[{"href":"https:\/\/minitriusiukai.lt\/en\/wp-json\/wp\/v2\/media?parent=32546"}],"wp:term":[{"taxonomy":"product_cat","embeddable":true,"href":"https:\/\/minitriusiukai.lt\/en\/wp-json\/wp\/v2\/product_cat?post=32546"},{"taxonomy":"product_tag","embeddable":true,"href":"https:\/\/minitriusiukai.lt\/en\/wp-json\/wp\/v2\/product_tag?post=32546"}],"curies":[{"name":"wp","href":"https:\/\/api.w.org\/{rel}","templated":true}]}}