{"id":32531,"date":"2026-04-26T11:18:18","date_gmt":"2026-04-26T11:18:18","guid":{"rendered":"https:\/\/minitriusiukai.lt\/?post_type=product&#038;p=32531"},"modified":"2026-04-26T11:18:18","modified_gmt":"2026-04-26T11:18:18","slug":"vita-herbal-smakers-skanestai-2","status":"publish","type":"product","link":"https:\/\/minitriusiukai.lt\/en\/product\/vita-herbal-smakers-skanestai-2\/","title":{"rendered":"Vita Herbal smakers skan\u0117stai"},"content":{"rendered":"<p>Pakuot\u0117je 2 vnt.<\/p>\n<p>Be gr\u016bd\u0173.<\/p>","protected":false},"excerpt":{"rendered":"<p>Pakuot\u0117je 2 vnt. Be gr\u016bd\u0173.<\/p>","protected":false},"featured_media":32532,"template":"","meta":[],"product_cat":[36],"product_tag":[],"class_list":["post-32531","product","type-product","status-publish","has-post-thumbnail","hentry","product_cat-maistas-ir-skanestai"],"_links":{"self":[{"href":"https:\/\/minitriusiukai.lt\/en\/wp-json\/wp\/v2\/product\/32531","targetHints":{"allow":["GET"]}}],"collection":[{"href":"https:\/\/minitriusiukai.lt\/en\/wp-json\/wp\/v2\/product"}],"about":[{"href":"https:\/\/minitriusiukai.lt\/en\/wp-json\/wp\/v2\/types\/product"}],"wp:featuredmedia":[{"embeddable":true,"href":"https:\/\/minitriusiukai.lt\/en\/wp-json\/wp\/v2\/media\/32532"}],"wp:attachment":[{"href":"https:\/\/minitriusiukai.lt\/en\/wp-json\/wp\/v2\/media?parent=32531"}],"wp:term":[{"taxonomy":"product_cat","embeddable":true,"href":"https:\/\/minitriusiukai.lt\/en\/wp-json\/wp\/v2\/product_cat?post=32531"},{"taxonomy":"product_tag","embeddable":true,"href":"https:\/\/minitriusiukai.lt\/en\/wp-json\/wp\/v2\/product_tag?post=32531"}],"curies":[{"name":"wp","href":"https:\/\/api.w.org\/{rel}","templated":true}]}}