{"id":32529,"date":"2026-04-26T11:17:03","date_gmt":"2026-04-26T11:17:03","guid":{"rendered":"https:\/\/minitriusiukai.lt\/?post_type=product&#038;p=32529"},"modified":"2026-04-26T11:17:12","modified_gmt":"2026-04-26T11:17:12","slug":"vita-herbal-smakers-skanestai","status":"publish","type":"product","link":"https:\/\/minitriusiukai.lt\/en\/product\/vita-herbal-smakers-skanestai\/","title":{"rendered":"Vita Herbal smakers skan\u0117stai"},"content":{"rendered":"<p>Pakuot\u0117je 2 vnt.<\/p>\n<p>Be gr\u016bd\u0173.<\/p>","protected":false},"excerpt":{"rendered":"<p>Pakuot\u0117je 2 vnt. Be gr\u016bd\u0173.<\/p>","protected":false},"featured_media":32530,"template":"","meta":[],"product_cat":[36],"product_tag":[],"class_list":["post-32529","product","type-product","status-publish","has-post-thumbnail","hentry","product_cat-maistas-ir-skanestai"],"_links":{"self":[{"href":"https:\/\/minitriusiukai.lt\/en\/wp-json\/wp\/v2\/product\/32529","targetHints":{"allow":["GET"]}}],"collection":[{"href":"https:\/\/minitriusiukai.lt\/en\/wp-json\/wp\/v2\/product"}],"about":[{"href":"https:\/\/minitriusiukai.lt\/en\/wp-json\/wp\/v2\/types\/product"}],"wp:featuredmedia":[{"embeddable":true,"href":"https:\/\/minitriusiukai.lt\/en\/wp-json\/wp\/v2\/media\/32530"}],"wp:attachment":[{"href":"https:\/\/minitriusiukai.lt\/en\/wp-json\/wp\/v2\/media?parent=32529"}],"wp:term":[{"taxonomy":"product_cat","embeddable":true,"href":"https:\/\/minitriusiukai.lt\/en\/wp-json\/wp\/v2\/product_cat?post=32529"},{"taxonomy":"product_tag","embeddable":true,"href":"https:\/\/minitriusiukai.lt\/en\/wp-json\/wp\/v2\/product_tag?post=32529"}],"curies":[{"name":"wp","href":"https:\/\/api.w.org\/{rel}","templated":true}]}}