{"id":32527,"date":"2026-04-26T11:13:52","date_gmt":"2026-04-26T11:13:52","guid":{"rendered":"https:\/\/minitriusiukai.lt\/?post_type=product&#038;p=32527"},"modified":"2026-04-26T11:14:44","modified_gmt":"2026-04-26T11:14:44","slug":"sieno-rulonelis-su-moliugais-ir-morkomis","status":"publish","type":"product","link":"https:\/\/minitriusiukai.lt\/en\/product\/sieno-rulonelis-su-moliugais-ir-morkomis\/","title":{"rendered":"\u0160ieno rulon\u0117lis su moli\u016bgais ir morkomis"},"content":{"rendered":"<p>\u0160vie\u017eias \u0161ienelis susuktas \u012f rulon\u0117l\u012f.<\/p>\n<p>Svoris 200g<\/p>","protected":false},"excerpt":{"rendered":"<p>\u0160vie\u017eias \u0161ienelis susuktas \u012f rulon\u0117l\u012f. Svoris 200g<\/p>","protected":false},"featured_media":32528,"template":"","meta":[],"product_cat":[36],"product_tag":[],"class_list":["post-32527","product","type-product","status-publish","has-post-thumbnail","hentry","product_cat-maistas-ir-skanestai"],"_links":{"self":[{"href":"https:\/\/minitriusiukai.lt\/en\/wp-json\/wp\/v2\/product\/32527","targetHints":{"allow":["GET"]}}],"collection":[{"href":"https:\/\/minitriusiukai.lt\/en\/wp-json\/wp\/v2\/product"}],"about":[{"href":"https:\/\/minitriusiukai.lt\/en\/wp-json\/wp\/v2\/types\/product"}],"wp:featuredmedia":[{"embeddable":true,"href":"https:\/\/minitriusiukai.lt\/en\/wp-json\/wp\/v2\/media\/32528"}],"wp:attachment":[{"href":"https:\/\/minitriusiukai.lt\/en\/wp-json\/wp\/v2\/media?parent=32527"}],"wp:term":[{"taxonomy":"product_cat","embeddable":true,"href":"https:\/\/minitriusiukai.lt\/en\/wp-json\/wp\/v2\/product_cat?post=32527"},{"taxonomy":"product_tag","embeddable":true,"href":"https:\/\/minitriusiukai.lt\/en\/wp-json\/wp\/v2\/product_tag?post=32527"}],"curies":[{"name":"wp","href":"https:\/\/api.w.org\/{rel}","templated":true}]}}