{"id":32494,"date":"2026-04-21T14:51:09","date_gmt":"2026-04-21T14:51:09","guid":{"rendered":"https:\/\/minitriusiukai.lt\/?post_type=product&#038;p=32494"},"modified":"2026-04-21T14:51:54","modified_gmt":"2026-04-21T14:51:54","slug":"jr-farm-skanestai-su-roziu-ziedlapiais","status":"publish","type":"product","link":"https:\/\/minitriusiukai.lt\/en\/product\/jr-farm-skanestai-su-roziu-ziedlapiais\/","title":{"rendered":"JR FARM skan\u0117stai su ro\u017ei\u0173 \u017eiedlapiais"},"content":{"rendered":"<p>100 % nat\u016bral\u016bs skan\u0117stai<\/p>\n<p>Pakuot\u0117s svoris 105 g<\/p>","protected":false},"excerpt":{"rendered":"<p>100 % nat\u016bral\u016bs skan\u0117stai Pakuot\u0117s svoris 105 g<\/p>","protected":false},"featured_media":32495,"template":"","meta":[],"product_cat":[36],"product_tag":[],"class_list":["post-32494","product","type-product","status-publish","has-post-thumbnail","hentry","product_cat-maistas-ir-skanestai"],"_links":{"self":[{"href":"https:\/\/minitriusiukai.lt\/en\/wp-json\/wp\/v2\/product\/32494","targetHints":{"allow":["GET"]}}],"collection":[{"href":"https:\/\/minitriusiukai.lt\/en\/wp-json\/wp\/v2\/product"}],"about":[{"href":"https:\/\/minitriusiukai.lt\/en\/wp-json\/wp\/v2\/types\/product"}],"wp:featuredmedia":[{"embeddable":true,"href":"https:\/\/minitriusiukai.lt\/en\/wp-json\/wp\/v2\/media\/32495"}],"wp:attachment":[{"href":"https:\/\/minitriusiukai.lt\/en\/wp-json\/wp\/v2\/media?parent=32494"}],"wp:term":[{"taxonomy":"product_cat","embeddable":true,"href":"https:\/\/minitriusiukai.lt\/en\/wp-json\/wp\/v2\/product_cat?post=32494"},{"taxonomy":"product_tag","embeddable":true,"href":"https:\/\/minitriusiukai.lt\/en\/wp-json\/wp\/v2\/product_tag?post=32494"}],"curies":[{"name":"wp","href":"https:\/\/api.w.org\/{rel}","templated":true}]}}