{"id":32450,"date":"2026-02-06T19:19:58","date_gmt":"2026-02-06T19:19:58","guid":{"rendered":"https:\/\/minitriusiukai.lt\/?post_type=product&#038;p=32450"},"modified":"2026-02-06T19:20:03","modified_gmt":"2026-02-06T19:20:03","slug":"ranku-darbo-medinis-namelis","status":"publish","type":"product","link":"https:\/\/minitriusiukai.lt\/en\/product\/ranku-darbo-medinis-namelis\/","title":{"rendered":"Rank\u0173 darbo medinis namelis"},"content":{"rendered":"<ul>\n<li>Galime pagaminti j\u016bs\u0173 pageidaujam\u0173 matmen\u0173 namel\u012f, kreiptis telefonu 061466240 arba el.pa\u0161tu: minitriusiukai@gmail.com<\/li>\n<\/ul>","protected":false},"excerpt":{"rendered":"<p>Galime pagaminti j\u016bs\u0173 pageidaujam\u0173 matmen\u0173 namel\u012f, kreiptis telefonu 061466240 arba el.pa\u0161tu: minitriusiukai@gmail.com<\/p>","protected":false},"featured_media":32451,"template":"","meta":[],"product_cat":[37],"product_tag":[],"class_list":["post-32450","product","type-product","status-publish","has-post-thumbnail","hentry","product_cat-narvai-ir-ju-priedai"],"_links":{"self":[{"href":"https:\/\/minitriusiukai.lt\/en\/wp-json\/wp\/v2\/product\/32450","targetHints":{"allow":["GET"]}}],"collection":[{"href":"https:\/\/minitriusiukai.lt\/en\/wp-json\/wp\/v2\/product"}],"about":[{"href":"https:\/\/minitriusiukai.lt\/en\/wp-json\/wp\/v2\/types\/product"}],"wp:featuredmedia":[{"embeddable":true,"href":"https:\/\/minitriusiukai.lt\/en\/wp-json\/wp\/v2\/media\/32451"}],"wp:attachment":[{"href":"https:\/\/minitriusiukai.lt\/en\/wp-json\/wp\/v2\/media?parent=32450"}],"wp:term":[{"taxonomy":"product_cat","embeddable":true,"href":"https:\/\/minitriusiukai.lt\/en\/wp-json\/wp\/v2\/product_cat?post=32450"},{"taxonomy":"product_tag","embeddable":true,"href":"https:\/\/minitriusiukai.lt\/en\/wp-json\/wp\/v2\/product_tag?post=32450"}],"curies":[{"name":"wp","href":"https:\/\/api.w.org\/{rel}","templated":true}]}}