{"id":32443,"date":"2026-02-06T19:13:43","date_gmt":"2026-02-06T19:13:43","guid":{"rendered":"https:\/\/minitriusiukai.lt\/?post_type=product&#038;p=32443"},"modified":"2026-02-06T19:21:07","modified_gmt":"2026-02-06T19:21:07","slug":"sulankstomas-100cm-narvas","status":"publish","type":"product","link":"https:\/\/minitriusiukai.lt\/en\/product\/sulankstomas-100cm-narvas\/","title":{"rendered":"Sulankstomas 100cm narvas"},"content":{"rendered":"<ul>\n<li>Narvai pa\u0161tomatu nesiun\u010diami<\/li>\n<li>Narvus siun\u010diame per autobus\u0173 siuntas. Tai pat i\u0161 anksto susitarus galima atsiimti Kauno rajone arba Kauno mieste<\/li>\n<li>Kreiptis telefonu 061466240 arba el.pa\u0161tu: minitriusiukai@gmail.com<\/li>\n<\/ul>","protected":false},"excerpt":{"rendered":"<p>Narvai pa\u0161tomatu nesiun\u010diami Narvus siun\u010diame per autobus\u0173 siuntas. Tai pat i\u0161 anksto susitarus galima atsiimti Kauno rajone arba Kauno mieste<\/p>","protected":false},"featured_media":32444,"template":"","meta":[],"product_cat":[37],"product_tag":[],"class_list":["post-32443","product","type-product","status-publish","has-post-thumbnail","hentry","product_cat-narvai-ir-ju-priedai"],"_links":{"self":[{"href":"https:\/\/minitriusiukai.lt\/en\/wp-json\/wp\/v2\/product\/32443","targetHints":{"allow":["GET"]}}],"collection":[{"href":"https:\/\/minitriusiukai.lt\/en\/wp-json\/wp\/v2\/product"}],"about":[{"href":"https:\/\/minitriusiukai.lt\/en\/wp-json\/wp\/v2\/types\/product"}],"wp:featuredmedia":[{"embeddable":true,"href":"https:\/\/minitriusiukai.lt\/en\/wp-json\/wp\/v2\/media\/32444"}],"wp:attachment":[{"href":"https:\/\/minitriusiukai.lt\/en\/wp-json\/wp\/v2\/media?parent=32443"}],"wp:term":[{"taxonomy":"product_cat","embeddable":true,"href":"https:\/\/minitriusiukai.lt\/en\/wp-json\/wp\/v2\/product_cat?post=32443"},{"taxonomy":"product_tag","embeddable":true,"href":"https:\/\/minitriusiukai.lt\/en\/wp-json\/wp\/v2\/product_tag?post=32443"}],"curies":[{"name":"wp","href":"https:\/\/api.w.org\/{rel}","templated":true}]}}