{"id":32438,"date":"2026-02-06T19:07:45","date_gmt":"2026-02-06T19:07:45","guid":{"rendered":"https:\/\/minitriusiukai.lt\/?post_type=product&#038;p=32438"},"modified":"2026-02-06T19:08:34","modified_gmt":"2026-02-06T19:08:34","slug":"naturalus-gultu-ir-narvu-valiklis","status":"publish","type":"product","link":"https:\/\/minitriusiukai.lt\/en\/product\/naturalus-gultu-ir-narvu-valiklis\/","title":{"rendered":"Nat\u016bralus gult\u0173 ir narv\u0173 valiklis"},"content":{"rendered":"<p>Talpa 500ml<\/p>\n<p>Naudojimosi b\u016bdas:<\/p>\n<ul>\n<li>Gerai supurtykite pur\u0161kikl\u012f ir pur\u0161kite ant ne\u0161varum\u0173<\/li>\n<li>Leiskite 10 min nat\u016braliai i\u0161d\u017ei\u016bti<\/li>\n<li>Sausai i\u0161valykite dr\u0117mg\u0117s pertekli\u0173 sausa \u0161luoste<\/li>\n<\/ul>\n<p>&nbsp;<\/p>\n<p>&nbsp;<\/p>","protected":false},"excerpt":{"rendered":"<p>Talpa 500ml Naudojimosi b\u016bdas: Gerai supurtykite pur\u0161kikl\u012f ir pur\u0161kite ant ne\u0161varum\u0173 Leiskite 10 min nat\u016braliai i\u0161d\u017ei\u016bti Sausai i\u0161valykite dr\u0117mg\u0117s pertekli\u0173<\/p>","protected":false},"featured_media":32439,"template":"","meta":[],"product_cat":[40],"product_tag":[],"class_list":["post-32438","product","type-product","status-publish","has-post-thumbnail","hentry","product_cat-higienos-ir-valymo-priemones"],"_links":{"self":[{"href":"https:\/\/minitriusiukai.lt\/en\/wp-json\/wp\/v2\/product\/32438","targetHints":{"allow":["GET"]}}],"collection":[{"href":"https:\/\/minitriusiukai.lt\/en\/wp-json\/wp\/v2\/product"}],"about":[{"href":"https:\/\/minitriusiukai.lt\/en\/wp-json\/wp\/v2\/types\/product"}],"wp:featuredmedia":[{"embeddable":true,"href":"https:\/\/minitriusiukai.lt\/en\/wp-json\/wp\/v2\/media\/32439"}],"wp:attachment":[{"href":"https:\/\/minitriusiukai.lt\/en\/wp-json\/wp\/v2\/media?parent=32438"}],"wp:term":[{"taxonomy":"product_cat","embeddable":true,"href":"https:\/\/minitriusiukai.lt\/en\/wp-json\/wp\/v2\/product_cat?post=32438"},{"taxonomy":"product_tag","embeddable":true,"href":"https:\/\/minitriusiukai.lt\/en\/wp-json\/wp\/v2\/product_tag?post=32438"}],"curies":[{"name":"wp","href":"https:\/\/api.w.org\/{rel}","templated":true}]}}