{"id":32427,"date":"2026-02-06T18:27:52","date_gmt":"2026-02-06T18:27:52","guid":{"rendered":"https:\/\/minitriusiukai.lt\/?post_type=product&#038;p=32427"},"modified":"2026-02-06T18:28:29","modified_gmt":"2026-02-06T18:28:29","slug":"sepetys-su-patogia-guminia-rankena","status":"publish","type":"product","link":"https:\/\/minitriusiukai.lt\/en\/product\/sepetys-su-patogia-guminia-rankena\/","title":{"rendered":"\u0160epetys su patogia guminia rankena"},"content":{"rendered":"<ul>\n<li>Guma leid\u017eia patogiai ir tvirtai laikyti \u0161epet\u012f<\/li>\n<li>Dydis 16x6cm<\/li>\n<\/ul>","protected":false},"excerpt":{"rendered":"<p>Guma leid\u017eia patogiai ir tvirtai laikyti \u0161epet\u012f Dydis 16x6cm<\/p>","protected":false},"featured_media":32428,"template":"","meta":[],"product_cat":[40],"product_tag":[],"class_list":["post-32427","product","type-product","status-publish","has-post-thumbnail","hentry","product_cat-higienos-ir-valymo-priemones"],"_links":{"self":[{"href":"https:\/\/minitriusiukai.lt\/en\/wp-json\/wp\/v2\/product\/32427","targetHints":{"allow":["GET"]}}],"collection":[{"href":"https:\/\/minitriusiukai.lt\/en\/wp-json\/wp\/v2\/product"}],"about":[{"href":"https:\/\/minitriusiukai.lt\/en\/wp-json\/wp\/v2\/types\/product"}],"wp:featuredmedia":[{"embeddable":true,"href":"https:\/\/minitriusiukai.lt\/en\/wp-json\/wp\/v2\/media\/32428"}],"wp:attachment":[{"href":"https:\/\/minitriusiukai.lt\/en\/wp-json\/wp\/v2\/media?parent=32427"}],"wp:term":[{"taxonomy":"product_cat","embeddable":true,"href":"https:\/\/minitriusiukai.lt\/en\/wp-json\/wp\/v2\/product_cat?post=32427"},{"taxonomy":"product_tag","embeddable":true,"href":"https:\/\/minitriusiukai.lt\/en\/wp-json\/wp\/v2\/product_tag?post=32427"}],"curies":[{"name":"wp","href":"https:\/\/api.w.org\/{rel}","templated":true}]}}