{"id":32290,"date":"2026-01-16T21:13:17","date_gmt":"2026-01-16T21:13:17","guid":{"rendered":"https:\/\/minitriusiukai.lt\/?post_type=product&#038;p=32290"},"modified":"2026-02-06T17:56:31","modified_gmt":"2026-02-06T17:56:31","slug":"beaphar-odour-killer-grauziku-kraiko-kvapo-naikintojas","status":"publish","type":"product","link":"https:\/\/minitriusiukai.lt\/en\/product\/beaphar-odour-killer-grauziku-kraiko-kvapo-naikintojas\/","title":{"rendered":"BEAPHAR Odour killer Grau\u017eik\u0173 kraiko kvapo naikintojas"},"content":{"rendered":"<div><span style=\"font-size: small;\"> Ji nemaskuoja blogo <span class=\"il\">kvapo<\/span>, o naikina jo atsiradimo prie\u017eastis. \u0160is produktas sukurtas panaudojus naudingus mikrobus. Vos tik ant milteli\u0173 patenka gyv\u016bno \u0161lapimas, a\u0161tr\u0173 kvap\u0105 sukeliantis fermentas yra blokuojamas, o bakterijos i\u0161ardo ferment\u0105 \u012f <span class=\"il\">kvapo<\/span> neturin\u010dias dalis. <\/span><\/div>\n<div><span style=\"font-size: small;\">Priemon\u0117s sud\u0117tyje esantys ingredientai nekenkia gyv\u016bnams. <\/span><\/div>","protected":false},"excerpt":{"rendered":"<p>Ji nemaskuoja blogo kvapo, o naikina jo atsiradimo prie\u017eastis. \u0160is produktas sukurtas panaudojus naudingus mikrobus. Vos tik ant milteli\u0173 patenka<\/p>","protected":false},"featured_media":32274,"template":"","meta":[],"product_cat":[40],"product_tag":[],"class_list":["post-32290","product","type-product","status-publish","has-post-thumbnail","hentry","product_cat-higienos-ir-valymo-priemones"],"_links":{"self":[{"href":"https:\/\/minitriusiukai.lt\/en\/wp-json\/wp\/v2\/product\/32290","targetHints":{"allow":["GET"]}}],"collection":[{"href":"https:\/\/minitriusiukai.lt\/en\/wp-json\/wp\/v2\/product"}],"about":[{"href":"https:\/\/minitriusiukai.lt\/en\/wp-json\/wp\/v2\/types\/product"}],"wp:featuredmedia":[{"embeddable":true,"href":"https:\/\/minitriusiukai.lt\/en\/wp-json\/wp\/v2\/media\/32274"}],"wp:attachment":[{"href":"https:\/\/minitriusiukai.lt\/en\/wp-json\/wp\/v2\/media?parent=32290"}],"wp:term":[{"taxonomy":"product_cat","embeddable":true,"href":"https:\/\/minitriusiukai.lt\/en\/wp-json\/wp\/v2\/product_cat?post=32290"},{"taxonomy":"product_tag","embeddable":true,"href":"https:\/\/minitriusiukai.lt\/en\/wp-json\/wp\/v2\/product_tag?post=32290"}],"curies":[{"name":"wp","href":"https:\/\/api.w.org\/{rel}","templated":true}]}}