{"id":32288,"date":"2026-04-21T14:42:26","date_gmt":"2026-04-21T14:42:26","guid":{"rendered":"https:\/\/minitriusiukai.lt\/?post_type=product&#038;p=32288"},"modified":"2026-04-21T14:44:22","modified_gmt":"2026-04-21T14:44:22","slug":"kvapu-neutralizatorius-misko-uogu-aromato","status":"publish","type":"product","link":"https:\/\/minitriusiukai.lt\/en\/product\/kvapu-neutralizatorius-misko-uogu-aromato\/","title":{"rendered":"Kvap\u0173 neutralizatorius mi\u0161ko uog\u0173 aromato"},"content":{"rendered":"","protected":false},"excerpt":{"rendered":"<p>Kvap\u0173 neutralizatorius sugeria dr\u0117gm\u0119 augintinio tualete ir neutralizuoja kvapus.<\/p>\n<p>Pakuot\u0117je 250g<\/p>","protected":false},"featured_media":32491,"template":"","meta":[],"product_cat":[40],"product_tag":[],"class_list":["post-32288","product","type-product","status-publish","has-post-thumbnail","hentry","product_cat-higienos-ir-valymo-priemones"],"_links":{"self":[{"href":"https:\/\/minitriusiukai.lt\/en\/wp-json\/wp\/v2\/product\/32288","targetHints":{"allow":["GET"]}}],"collection":[{"href":"https:\/\/minitriusiukai.lt\/en\/wp-json\/wp\/v2\/product"}],"about":[{"href":"https:\/\/minitriusiukai.lt\/en\/wp-json\/wp\/v2\/types\/product"}],"wp:featuredmedia":[{"embeddable":true,"href":"https:\/\/minitriusiukai.lt\/en\/wp-json\/wp\/v2\/media\/32491"}],"wp:attachment":[{"href":"https:\/\/minitriusiukai.lt\/en\/wp-json\/wp\/v2\/media?parent=32288"}],"wp:term":[{"taxonomy":"product_cat","embeddable":true,"href":"https:\/\/minitriusiukai.lt\/en\/wp-json\/wp\/v2\/product_cat?post=32288"},{"taxonomy":"product_tag","embeddable":true,"href":"https:\/\/minitriusiukai.lt\/en\/wp-json\/wp\/v2\/product_tag?post=32288"}],"curies":[{"name":"wp","href":"https:\/\/api.w.org\/{rel}","templated":true}]}}