{"id":31971,"date":"2023-10-20T10:19:21","date_gmt":"2023-10-20T10:19:21","guid":{"rendered":"https:\/\/minitriusiukai.lt\/?post_type=product&#038;p=31971"},"modified":"2026-04-21T14:43:27","modified_gmt":"2026-04-21T14:43:27","slug":"edzios-sienui","status":"publish","type":"product","link":"https:\/\/minitriusiukai.lt\/en\/product\/edzios-sienui\/","title":{"rendered":"Kvap\u0173 neutralizatorius citrusini\u0173 vaisi\u0173 aromato"},"content":{"rendered":"<div class=\"wpb-content-wrapper\"><div class=\"vc_row wpb_row vc_row-fluid\"><div class=\"wpb_column vc_column_container vc_col-sm-12\"><div class=\"vc_column-inner\"><div class=\"wpb_wrapper\">\n\t<div class=\"wpb_text_column wpb_content_element\" >\n\t\t<div class=\"wpb_wrapper\">\n\t\t\t<p>Kvap\u0173 neutralizatorius sugeria dr\u0117gm\u0119 augintinio tualete ir neutralizuoja kvapus.<\/p>\n<p>Pakuot\u0117je 250g<\/p>\n\n\t\t<\/div>\n\t<\/div>\n<\/div><\/div><\/div><\/div>\n<\/div>","protected":false},"excerpt":{"rendered":"Kvap\u0173 neutralizatorius sugeria dr\u0117gm\u0119 augintinio tualete ir neutralizuoja kvapus. Pakuot\u0117je 250g","protected":false},"featured_media":32489,"template":"","meta":[],"product_cat":[40],"product_tag":[],"class_list":["post-31971","product","type-product","status-publish","has-post-thumbnail","hentry","product_cat-higienos-ir-valymo-priemones"],"_links":{"self":[{"href":"https:\/\/minitriusiukai.lt\/en\/wp-json\/wp\/v2\/product\/31971","targetHints":{"allow":["GET"]}}],"collection":[{"href":"https:\/\/minitriusiukai.lt\/en\/wp-json\/wp\/v2\/product"}],"about":[{"href":"https:\/\/minitriusiukai.lt\/en\/wp-json\/wp\/v2\/types\/product"}],"wp:featuredmedia":[{"embeddable":true,"href":"https:\/\/minitriusiukai.lt\/en\/wp-json\/wp\/v2\/media\/32489"}],"wp:attachment":[{"href":"https:\/\/minitriusiukai.lt\/en\/wp-json\/wp\/v2\/media?parent=31971"}],"wp:term":[{"taxonomy":"product_cat","embeddable":true,"href":"https:\/\/minitriusiukai.lt\/en\/wp-json\/wp\/v2\/product_cat?post=31971"},{"taxonomy":"product_tag","embeddable":true,"href":"https:\/\/minitriusiukai.lt\/en\/wp-json\/wp\/v2\/product_tag?post=31971"}],"curies":[{"name":"wp","href":"https:\/\/api.w.org\/{rel}","templated":true}]}}