{"id":31965,"date":"2023-10-20T10:13:27","date_gmt":"2023-10-20T10:13:27","guid":{"rendered":"https:\/\/minitriusiukai.lt\/?post_type=product&#038;p=31965"},"modified":"2026-02-06T17:57:36","modified_gmt":"2026-02-06T17:57:36","slug":"dziovinti-metu-stiebai","status":"publish","type":"product","link":"https:\/\/minitriusiukai.lt\/en\/product\/dziovinti-metu-stiebai\/","title":{"rendered":"D\u017eiovinti kiaulpieni\u0173 lapai"},"content":{"rendered":"<div class=\"wpb-content-wrapper\"><div class=\"vc_row wpb_row vc_row-fluid\"><div class=\"wpb_column vc_column_container vc_col-sm-12\"><div class=\"vc_column-inner\"><div class=\"wpb_wrapper\">\n\t<div class=\"wpb_text_column wpb_content_element\" >\n\t\t<div class=\"wpb_wrapper\">\n\t\t\t<div>\n<ul>\n<li><span class=\"il\">D\u017eiovinti<\/span> <span class=\"il\">kiaulpieni\u0173<\/span> <span class=\"il\">lapai<\/span> triu\u0161iams yra organini\u0173 r\u016bg\u0161\u010di\u0173, pektin\u0173, vitamin\u0173 A, B, C, E ir D \u0161altinis.<\/li>\n<li><span class=\"il\">Kiaulpieni\u0173<\/span> lapuose gausu karotino, gele\u017eies, kalcio, fosforo, magnio drusk\u0173.<\/li>\n<li><span lang=\"lt\">Triu\u0161iams \u0161is augalas teigiamai veikia vir\u0161kinimo sistem\u0105, turi diuretik\u0173 poveik\u012f.\u00a0<\/span><\/li>\n<li><span lang=\"lt\">Taip pat skatina tul\u017eies gamyb\u0105 ir pa\u0161alina i\u0161 organizmo kenksmingus junginius, stiprina kaulus ir dantis.<\/span><\/li>\n<li>100% nat\u016bralus produktas.<\/li>\n<\/ul>\n<\/div>\n\n\t\t<\/div>\n\t<\/div>\n<\/div><\/div><\/div><\/div>\n<\/div>","protected":false},"excerpt":{"rendered":"D\u017eiovinti kiaulpieni\u0173 lapai triu\u0161iams yra organini\u0173 r\u016bg\u0161\u010di\u0173, pektin\u0173, vitamin\u0173 A, B, C, E ir D \u0161altinis. Kiaulpieni\u0173 lapuose gausu karotino,","protected":false},"featured_media":32277,"template":"","meta":[],"product_cat":[36],"product_tag":[],"class_list":["post-31965","product","type-product","status-publish","has-post-thumbnail","hentry","product_cat-maistas-ir-skanestai"],"_links":{"self":[{"href":"https:\/\/minitriusiukai.lt\/en\/wp-json\/wp\/v2\/product\/31965","targetHints":{"allow":["GET"]}}],"collection":[{"href":"https:\/\/minitriusiukai.lt\/en\/wp-json\/wp\/v2\/product"}],"about":[{"href":"https:\/\/minitriusiukai.lt\/en\/wp-json\/wp\/v2\/types\/product"}],"wp:featuredmedia":[{"embeddable":true,"href":"https:\/\/minitriusiukai.lt\/en\/wp-json\/wp\/v2\/media\/32277"}],"wp:attachment":[{"href":"https:\/\/minitriusiukai.lt\/en\/wp-json\/wp\/v2\/media?parent=31965"}],"wp:term":[{"taxonomy":"product_cat","embeddable":true,"href":"https:\/\/minitriusiukai.lt\/en\/wp-json\/wp\/v2\/product_cat?post=31965"},{"taxonomy":"product_tag","embeddable":true,"href":"https:\/\/minitriusiukai.lt\/en\/wp-json\/wp\/v2\/product_tag?post=31965"}],"curies":[{"name":"wp","href":"https:\/\/api.w.org\/{rel}","templated":true}]}}