{"id":31963,"date":"2023-10-20T10:07:44","date_gmt":"2023-10-20T10:07:44","guid":{"rendered":"https:\/\/minitriusiukai.lt\/?post_type=product&#038;p=31963"},"modified":"2026-04-28T05:34:28","modified_gmt":"2026-04-28T05:34:28","slug":"salyklo-pasta-triusiams-ir-juros-kiaulytems","status":"publish","type":"product","link":"https:\/\/minitriusiukai.lt\/en\/product\/salyklo-pasta-triusiams-ir-juros-kiaulytems\/","title":{"rendered":"Salyklo pasta triu\u0161iams ir juros kiaulyt\u0117ms uog\u0173 skonio"},"content":{"rendered":"<div class=\"wpb-content-wrapper\"><div class=\"vc_row wpb_row vc_row-fluid\"><div class=\"wpb_column vc_column_container vc_col-sm-12\"><div class=\"vc_column-inner\"><div class=\"wpb_wrapper\">\n\t<div class=\"wpb_text_column wpb_content_element\" >\n\t\t<div class=\"wpb_wrapper\">\n\t\t\t<p>Maisto papildas &#8211; pasta, kurioje gausu salyklo sirupo ir fruktooligosacharid\u0173.<\/p>\n\n\t\t<\/div>\n\t<\/div>\n<\/div><\/div><\/div><\/div>\n<\/div>","protected":false},"excerpt":{"rendered":"Maisto papildas - pasta, kurioje gausu salyklo sirupo ir fruktooligosacharid\u0173.","protected":false},"featured_media":31964,"template":"","meta":[],"product_cat":[36],"product_tag":[],"class_list":["post-31963","product","type-product","status-publish","has-post-thumbnail","hentry","product_cat-maistas-ir-skanestai"],"_links":{"self":[{"href":"https:\/\/minitriusiukai.lt\/en\/wp-json\/wp\/v2\/product\/31963","targetHints":{"allow":["GET"]}}],"collection":[{"href":"https:\/\/minitriusiukai.lt\/en\/wp-json\/wp\/v2\/product"}],"about":[{"href":"https:\/\/minitriusiukai.lt\/en\/wp-json\/wp\/v2\/types\/product"}],"wp:featuredmedia":[{"embeddable":true,"href":"https:\/\/minitriusiukai.lt\/en\/wp-json\/wp\/v2\/media\/31964"}],"wp:attachment":[{"href":"https:\/\/minitriusiukai.lt\/en\/wp-json\/wp\/v2\/media?parent=31963"}],"wp:term":[{"taxonomy":"product_cat","embeddable":true,"href":"https:\/\/minitriusiukai.lt\/en\/wp-json\/wp\/v2\/product_cat?post=31963"},{"taxonomy":"product_tag","embeddable":true,"href":"https:\/\/minitriusiukai.lt\/en\/wp-json\/wp\/v2\/product_tag?post=31963"}],"curies":[{"name":"wp","href":"https:\/\/api.w.org\/{rel}","templated":true}]}}